{"id":10971,"date":"2021-07-30T09:10:45","date_gmt":"2021-07-30T01:10:45","guid":{"rendered":"https:\/\/www.hkmu.edu.hk\/el\/postgraduate-certificates\/"},"modified":"2022-06-13T16:42:09","modified_gmt":"2022-06-13T08:42:09","slug":"postgraduate-certificates","status":"publish","type":"page","link":"https:\/\/www-uat.hkmu.edu.hk\/el\/programmes-courses\/distance-learning\/postgraduate-certificates\/","title":{"rendered":"Postgraduate Certificates"},"content":{"rendered":"\t\t<div data-elementor-type=\"wp-page\" data-elementor-id=\"10971\" class=\"elementor elementor-10971\" data-elementor-settings=\"[]\">\n\t\t\t\t\t\t\t<div class=\"elementor-section-wrap\">\n\t\t\t\t\t\t\t<section class=\"wavo-column-gap-default elementor-section elementor-top-section elementor-element elementor-element-51cd0078 elementor-section-boxed elementor-section-height-default elementor-section-height-default\" data-id=\"51cd0078\" data-element_type=\"section\">\n\t\t\t\t\t\t<div class=\"elementor-container elementor-column-gap-default\">\n\t\t\t\t\t<div class=\"elementor-column elementor-col-100 elementor-top-column elementor-element elementor-element-1fca9418\" data-id=\"1fca9418\" data-element_type=\"column\">\n\t\t\t<div class=\"elementor-widget-wrap elementor-element-populated\">\n\t\t\t\t\t\t\t\t<div class=\"elementor-element elementor-element-156aa28c elementor-widget elementor-widget-text-editor\" data-id=\"156aa28c\" data-element_type=\"widget\" data-widget_type=\"text-editor.default\">\n\t\t\t\t<div class=\"elementor-widget-container\">\n\t\t\t\t\t\t\t\t<table id=\"ItemDtlTbl\" border=\"0\" summary=\" \" width=\"100%\" cellspacing=\"0\" cellpadding=\"0\"><tbody><tr><td class=\"td_justify\" align=\"left\" valign=\"top\"><p><span style=\"color: blue;\"><span lang=\"EN-US\" style=\"font-size: 12pt; color: blue; font-family: Wingdings; mso-bidi-font-size: 11pt; mso-ascii-font-family: Calibri; mso-ascii-theme-font: minor-latin; mso-fareast-font-family: \u65b0\u7d30\u660e\u9ad4; mso-fareast-theme-font: minor-fareast; mso-hansi-font-family: Calibri; mso-hansi-theme-font: minor-latin; mso-bidi-font-family: 'Times New Roman'; mso-bidi-theme-font: minor-bidi; mso-ansi-language: EN-US; mso-fareast-language: ZH-TW; mso-bidi-language: AR-SA; mso-char-type: symbol; mso-symbol-font-family: Wingdings;\"><span style=\"mso-char-type: symbol; mso-symbol-font-family: Wingdings;\">\u00d8<br \/><\/span><\/span><a href=\"https:\/\/www-uat.hkmu.edu.hk\/admissions\/prog-information\/PGCCLE\/\">Postgraduate Certificate<br \/>in Chinese Language Education<br \/><\/a><\/span><\/p><p><span style=\"color: blue;\"><span lang=\"EN-US\" style=\"font-size: 12pt; color: blue; font-family: Wingdings; mso-bidi-font-size: 11pt; mso-ascii-font-family: Calibri; mso-ascii-theme-font: minor-latin; mso-fareast-font-family: \u65b0\u7d30\u660e\u9ad4; mso-fareast-theme-font: minor-fareast; mso-hansi-font-family: Calibri; mso-hansi-theme-font: minor-latin; mso-bidi-font-family: 'Times New Roman'; mso-bidi-theme-font: minor-bidi; mso-ansi-language: EN-US; mso-fareast-language: ZH-TW; mso-bidi-language: AR-SA; mso-char-type: symbol; mso-symbol-font-family: Wingdings;\"><span style=\"mso-char-type: symbol; mso-symbol-font-family: Wingdings;\">\u00d8<br \/><\/span><\/span><a href=\"https:\/\/www-uat.hkmu.edu.hk\/admissions\/prog-information\/PGCCSLT\/\">Postgraduate<br \/>Certificate in Chinese Studies for Language Teaching<br \/><\/a><\/span><\/p><p><span style=\"color: blue;\"><span lang=\"EN-US\" style=\"font-size: 12pt; color: blue; font-family: Wingdings; mso-bidi-font-size: 11pt; mso-ascii-font-family: Calibri; mso-ascii-theme-font: minor-latin; mso-fareast-font-family: \u65b0\u7d30\u660e\u9ad4; mso-fareast-theme-font: minor-fareast; mso-hansi-font-family: Calibri; mso-hansi-theme-font: minor-latin; mso-bidi-font-family: 'Times New Roman'; mso-bidi-theme-font: minor-bidi; mso-ansi-language: EN-US; mso-fareast-language: ZH-TW; mso-bidi-language: AR-SA; mso-char-type: symbol; mso-symbol-font-family: Wingdings;\"><span style=\"mso-char-type: symbol; mso-symbol-font-family: Wingdings;\">\u00d8<br \/><\/span><\/span><a href=\"https:\/\/www-uat.hkmu.edu.hk\/admissions\/prog-information\/PGCESLT\/\">Postgraduate<br \/>Certificate in English Studies for Language<br \/>Teaching<\/a><\/span><\/p><p>\u00a0<\/p><\/td><\/tr><\/tbody><\/table>\t\t\t\t\t\t<\/div>\n\t\t\t\t<\/div>\n\t\t\t\t\t<\/div>\n\t\t<\/div>\n\t\t\t\t\t\t\t<\/div>\n\t\t<\/section>\n\t\t\t\t\t\t<\/div>\n\t\t\t\t\t<\/div>\n\t\t","protected":false},"excerpt":{"rendered":"<p>\u00d8Postgraduate Certificatein Chinese Language Education\u00d8PostgraduateCertificate in Chinese Studies for Language Teaching\u00d8PostgraduateCertificate in English Studies for LanguageTeaching\u00a0<\/p>\n","protected":false},"author":1,"featured_media":0,"parent":323,"menu_order":0,"comment_status":"closed","ping_status":"closed","template":"content_default_1.php","meta":{"_expiration-date-status":"","_expiration-date":0,"_expiration-date-type":"","_expiration-date-categories":[],"_expiration-date-options":[]},"_links":{"self":[{"href":"https:\/\/www-uat.hkmu.edu.hk\/el\/wp-json\/wp\/v2\/pages\/10971"}],"collection":[{"href":"https:\/\/www-uat.hkmu.edu.hk\/el\/wp-json\/wp\/v2\/pages"}],"about":[{"href":"https:\/\/www-uat.hkmu.edu.hk\/el\/wp-json\/wp\/v2\/types\/page"}],"author":[{"embeddable":true,"href":"https:\/\/www-uat.hkmu.edu.hk\/el\/wp-json\/wp\/v2\/users\/1"}],"replies":[{"embeddable":true,"href":"https:\/\/www-uat.hkmu.edu.hk\/el\/wp-json\/wp\/v2\/comments?post=10971"}],"version-history":[{"count":10,"href":"https:\/\/www-uat.hkmu.edu.hk\/el\/wp-json\/wp\/v2\/pages\/10971\/revisions"}],"predecessor-version":[{"id":17265,"href":"https:\/\/www-uat.hkmu.edu.hk\/el\/wp-json\/wp\/v2\/pages\/10971\/revisions\/17265"}],"up":[{"embeddable":true,"href":"https:\/\/www-uat.hkmu.edu.hk\/el\/wp-json\/wp\/v2\/pages\/323"}],"wp:attachment":[{"href":"https:\/\/www-uat.hkmu.edu.hk\/el\/wp-json\/wp\/v2\/media?parent=10971"}],"curies":[{"name":"wp","href":"https:\/\/api.w.org\/{rel}","templated":true}]}}