{"id":36078,"date":"2023-02-15T10:09:40","date_gmt":"2023-02-15T02:09:40","guid":{"rendered":"https:\/\/www.hkmu.edu.hk\/ss\/about\/people\/faculty-2\/dr-emilie-tran\/"},"modified":"2023-02-15T10:09:40","modified_gmt":"2023-02-15T02:09:40","slug":"dr-emilie-tran","status":"publish","type":"page","link":"https:\/\/www-uat.hkmu.edu.hk\/ss\/tc\/about\/people\/faculty-2\/dr-emilie-tran\/","title":{"rendered":"Dr Emilie Tran"},"content":{"rendered":"\t\t<div data-elementor-type=\"wp-page\" data-elementor-id=\"36078\" class=\"elementor elementor-36078 elementor-35819\" data-elementor-settings=\"[]\">\n\t\t\t\t\t\t\t<div class=\"elementor-section-wrap\">\n\t\t\t\t\t\t\t<section class=\"wavo-column-gap-default elementor-section elementor-top-section elementor-element elementor-element-f30f6dc elementor-section-boxed elementor-section-height-default elementor-section-height-default\" data-id=\"f30f6dc\" data-element_type=\"section\">\n\t\t\t\t\t\t<div class=\"elementor-container elementor-column-gap-default\">\n\t\t\t\t\t<div class=\"elementor-column elementor-col-33 elementor-top-column elementor-element elementor-element-4a8b85b\" data-id=\"4a8b85b\" data-element_type=\"column\">\n\t\t\t<div class=\"elementor-widget-wrap elementor-element-populated\">\n\t\t\t\t\t\t\t\t<div class=\"elementor-element elementor-element-de9bb5e elementor-widget elementor-widget-image\" data-id=\"de9bb5e\" data-element_type=\"widget\" data-widget_type=\"image.default\">\n\t\t\t\t<div class=\"elementor-widget-container\">\n\t\t\t\t\t\t\t\t\t\t\t\t\t\t\t<img width=\"960\" height=\"720\" src=\"https:\/\/www-uat.hkmu.edu.hk\/ss\/wp-content\/uploads\/sites\/62\/2023\/02\/IMG_0240_2-1024x768.jpg\" class=\"attachment-large size-large\" alt=\"professor photo\" decoding=\"async\" loading=\"lazy\" srcset=\"https:\/\/www-uat.hkmu.edu.hk\/ss\/wp-content\/uploads\/sites\/62\/2023\/02\/IMG_0240_2-1024x768.jpg 1024w, https:\/\/www-uat.hkmu.edu.hk\/ss\/wp-content\/uploads\/sites\/62\/2023\/02\/IMG_0240_2-300x225.jpg 300w, https:\/\/www-uat.hkmu.edu.hk\/ss\/wp-content\/uploads\/sites\/62\/2023\/02\/IMG_0240_2-768x576.jpg 768w, https:\/\/www-uat.hkmu.edu.hk\/ss\/wp-content\/uploads\/sites\/62\/2023\/02\/IMG_0240_2-1536x1152.jpg 1536w, https:\/\/www-uat.hkmu.edu.hk\/ss\/wp-content\/uploads\/sites\/62\/2023\/02\/IMG_0240_2-2048x1536.jpg 2048w\" sizes=\"(max-width: 960px) 100vw, 960px\" \/>\t\t\t\t\t\t\t\t\t\t\t\t\t\t\t<\/div>\n\t\t\t\t<\/div>\n\t\t\t\t\t<\/div>\n\t\t<\/div>\n\t\t\t\t<div class=\"elementor-column elementor-col-66 elementor-top-column elementor-element elementor-element-e1a53f9\" data-id=\"e1a53f9\" data-element_type=\"column\">\n\t\t\t<div class=\"elementor-widget-wrap elementor-element-populated\">\n\t\t\t\t\t\t\t\t<div class=\"elementor-element elementor-element-e79e4a9 elementor-widget elementor-widget-text-editor\" data-id=\"e79e4a9\" data-element_type=\"widget\" data-widget_type=\"text-editor.default\">\n\t\t\t\t<div class=\"elementor-widget-container\">\n\t\t\t\t\t\t\t\t<div class=\"fusion-text\">\n<h3 data-fontsize=\"24\" data-lineheight=\"33\">Dr Emilie Tran<\/h3>\n<\/div>\n<div class=\"fusion-text\">\n<p class=\"bio\">BA\u00a0<em>ICP<\/em>, MA\u00a0<em>ICP<\/em>, PhD\u00a0<em>EHESS<\/em><\/p>\n\n<\/div>\t\t\t\t\t\t<\/div>\n\t\t\t\t<\/div>\n\t\t\t\t\t<\/div>\n\t\t<\/div>\n\t\t\t\t\t\t\t<\/div>\n\t\t<\/section>\n\t\t\t\t<section class=\"wavo-column-gap-default elementor-section elementor-top-section elementor-element elementor-element-91a8a47 elementor-section-boxed elementor-section-height-default elementor-section-height-default\" data-id=\"91a8a47\" data-element_type=\"section\">\n\t\t\t\t\t\t<div class=\"elementor-container elementor-column-gap-default\">\n\t\t\t\t\t<div class=\"elementor-column elementor-col-33 elementor-top-column elementor-element elementor-element-0089962\" data-id=\"0089962\" data-element_type=\"column\">\n\t\t\t<div class=\"elementor-widget-wrap elementor-element-populated\">\n\t\t\t\t\t\t\t\t<div class=\"elementor-element elementor-element-421b6d1 elementor-icon-list--layout-traditional elementor-list-item-link-full_width elementor-widget elementor-widget-icon-list\" data-id=\"421b6d1\" data-element_type=\"widget\" data-widget_type=\"icon-list.default\">\n\t\t\t\t<div class=\"elementor-widget-container\">\n\t\t\t\t\t<ul class=\"elementor-icon-list-items\">\n\t\t\t\t\t\t\t<li class=\"elementor-icon-list-item\">\n\t\t\t\t\t\t\t\t\t\t\t<span class=\"elementor-icon-list-icon\">\n\t\t\t\t\t\t\t<i aria-hidden=\"true\" class=\"fas fa-briefcase\"><\/i>\t\t\t\t\t\t<\/span>\n\t\t\t\t\t\t\t\t\t\t<span class=\"elementor-icon-list-text\">Assistant Professor<\/span>\n\t\t\t\t\t\t\t\t\t<\/li>\n\t\t\t\t\t\t\t\t<li class=\"elementor-icon-list-item\">\n\t\t\t\t\t\t\t\t\t\t<span class=\"elementor-icon-list-text\">Politics and Public Administration<\/span>\n\t\t\t\t\t\t\t\t\t<\/li>\n\t\t\t\t\t\t\t\t<li class=\"elementor-icon-list-item\">\n\t\t\t\t\t\t\t\t\t\t\t<span class=\"elementor-icon-list-icon\">\n\t\t\t\t\t\t\t<i aria-hidden=\"true\" class=\"fas fa-envelope\"><\/i>\t\t\t\t\t\t<\/span>\n\t\t\t\t\t\t\t\t\t\t<span class=\"elementor-icon-list-text\">etran@hkmu.edu.hk<\/span>\n\t\t\t\t\t\t\t\t\t<\/li>\n\t\t\t\t\t\t\t\t<li class=\"elementor-icon-list-item\">\n\t\t\t\t\t\t\t\t\t\t\t<span class=\"elementor-icon-list-icon\">\n\t\t\t\t\t\t\t<i aria-hidden=\"true\" class=\"fas fa-phone-alt\"><\/i>\t\t\t\t\t\t<\/span>\n\t\t\t\t\t\t\t\t\t\t<span class=\"elementor-icon-list-text\">2768 5759<\/span>\n\t\t\t\t\t\t\t\t\t<\/li>\n\t\t\t\t\t\t<\/ul>\n\t\t\t\t<\/div>\n\t\t\t\t<\/div>\n\t\t\t\t\t<\/div>\n\t\t<\/div>\n\t\t\t\t<div class=\"elementor-column elementor-col-66 elementor-top-column elementor-element elementor-element-af726a5\" data-id=\"af726a5\" data-element_type=\"column\">\n\t\t\t<div class=\"elementor-widget-wrap elementor-element-populated\">\n\t\t\t\t\t\t\t\t<div class=\"elementor-element elementor-element-cba9190 elementor-widget elementor-widget-text-editor\" data-id=\"cba9190\" data-element_type=\"widget\" data-widget_type=\"text-editor.default\">\n\t\t\t\t<div class=\"elementor-widget-container\">\n\t\t\t\t\t\t\t\t<div class=\"elementor-widget-container\"><div class=\"heading icon-left\"><h3 class=\"content-box-heading\" data-inline-fontsize=\"true\" data-inline-lineheight=\"true\" data-fontsize=\"18\" data-lineheight=\"23\">Biography<\/h3><\/div><h5>Dr Emilie Tran joined the School of Arts and Social Sciences, HKMU, in January 2023.<\/h5><h4><strong>Research<\/strong><\/h4><h5>Driven by international and multidisciplinary collaborations, Dr Tran's research investigates global China: China's engagement in global public health; health diplomacy; digital diplomacy; the external relations of the EU, France, the Middle East and Africa. She also researches on public policy, administration, and management (training of civil servants and political elite; the smart city; public -private partnership), and public governance (China's transnational governance of its diaspora, re-creating an extra-territorial space). She has published in the\u00a0<em>Journal of Contemporary China; Mediterranean Politics; China Perspectives; China: An International Journal;\u00a0<\/em>and<em>\u00a0International Migration<\/em>.<\/h5><h5 class=\"style9_content\">Testimony of her impact and engagement with policy- and decision-makers, includes roundtable discussions in renowned venues, such as Chatham House, The Brookings Institution, and The Doha Forum.<\/h5><h5 class=\"style9_content\">She has a track record of winning competitive grant-funding, having secured six research grants as principal investigator since 2013.<\/h5><h4><strong>Teaching\u00a0<\/strong><\/h4><h5 class=\"style9_content\">Since 2004, she has been teaching a wealth of subjects in political science, public policy, international relations, core and common courses, and European studies at the undergraduate, master's and doctorate levels. She enjoys including transcultural experiential learning, transnational service-learning and transdisciplinary inquiries in her teaching.<\/h5><h5 class=\"style9_content\">She won the President's Award for Outstanding Performance in Teaching 2021 (Hong Kong Baptist University) for the positive and transformative impacts she had made on her students.<\/h5><h5 class=\"style9_content\">In recognition of her 20 years of remarkable service to education, research and community service, including the creation of transnational double degree programmes, the French Republic bestowed upon her in 2020 a \u201cKnighthood\u201d [Chevalier] of\u00a0<em>L'Ordre des Palmes Acad\u00e9miques<\/em>, a national merit order that honours distinguished academics.<\/h5><h4><strong>Service to the University<\/strong><\/h4><h5>Prior to joining HKMU, Dr Tran held two permanent positions, at the University of Saint Joseph Macao (USJ, 2008-2016), and Hong Kong Baptist University (HKBU, 2016-2023). At USJ, she rose through the ranks, from Assistant to Associate Professor, and from Programme Coordinator of Government Studies and International Relations to Department Head, and Dean of the Faculty of Administration of Leadership. At HKBU, she was the French stream coordinator, then Director of the entire European Studies programme; eventually she became the Director of Transdisciplinary undergraduate Programmes.<\/h5><h4><strong>Service to the Community<\/strong><\/h4><h5 class=\"style9_content\">Since 2018, Dr Tran is an elected representative of the French living abroad [Conseill\u00e8re des Fran\u00e7ais de l'\u00e9tranger].<\/h5><h5 class=\"style9_content\">She is a role model for Inspiring Girls Hong Kong, a not-for-profit program that aims to overcome gender and cultural stereotypes, by connecting 10-18 year-old students with professional leaders from all walks of life and industry backgrounds.<\/h5><h5 class=\"style9_content\">Committed to fight domestic violence, she is a patron of SAVE YOU and Mots et Maux de Femme, two platforms dedicated to help French women living abroad facing intra-familial abuse.<\/h5><\/div>\t\t\t\t\t\t<\/div>\n\t\t\t\t<\/div>\n\t\t\t\t\t<\/div>\n\t\t<\/div>\n\t\t\t\t\t\t\t<\/div>\n\t\t<\/section>\n\t\t\t\t<section class=\"wavo-column-gap-default elementor-section elementor-top-section elementor-element elementor-element-a5adfab elementor-section-boxed elementor-section-height-default elementor-section-height-default\" data-id=\"a5adfab\" data-element_type=\"section\">\n\t\t\t\t\t\t<div class=\"elementor-container elementor-column-gap-default\">\n\t\t\t\t\t<div class=\"elementor-column elementor-col-33 elementor-top-column elementor-element elementor-element-c0a5392\" data-id=\"c0a5392\" data-element_type=\"column\">\n\t\t\t<div class=\"elementor-widget-wrap\">\n\t\t\t\t\t\t\t\t\t<\/div>\n\t\t<\/div>\n\t\t\t\t<div class=\"elementor-column elementor-col-66 elementor-top-column elementor-element elementor-element-3ff0621\" data-id=\"3ff0621\" data-element_type=\"column\">\n\t\t\t<div class=\"elementor-widget-wrap elementor-element-populated\">\n\t\t\t\t\t\t\t\t<div class=\"elementor-element elementor-element-be0dc74 elementor-widget elementor-widget-text-editor\" data-id=\"be0dc74\" data-element_type=\"widget\" data-widget_type=\"text-editor.default\">\n\t\t\t\t<div class=\"elementor-widget-container\">\n\t\t\t\t\t\t\t\t<div class=\"elementor-widget-container\">\n\t\t\t\t\t\t\t\t<div class=\"heading icon-left\"><h3 class=\"content-box-heading\" data-inline-fontsize=\"true\" data-inline-lineheight=\"true\" data-fontsize=\"18\" data-lineheight=\"23\">Teaching Areas &amp; Research Interests<\/h3><\/div><div class=\"fusion-clearfix\">&nbsp;<\/div><div class=\"content-container\"><h5>Contemporary Chinese politics<\/h5><h5>Comparative politics<\/h5><h5>Chinese diaspora<\/h5><h5>China's foreign relations<\/h5><h5>China's public diplomacy<\/h5><\/div>\t\t\t\t\t\t<\/div>\t\t\t\t\t\t<\/div>\n\t\t\t\t<\/div>\n\t\t\t\t\t<\/div>\n\t\t<\/div>\n\t\t\t\t\t\t\t<\/div>\n\t\t<\/section>\n\t\t\t\t<section class=\"wavo-column-gap-default elementor-section elementor-top-section elementor-element elementor-element-2752d62 elementor-section-boxed elementor-section-height-default elementor-section-height-default\" data-id=\"2752d62\" data-element_type=\"section\">\n\t\t\t\t\t\t<div class=\"elementor-container elementor-column-gap-default\">\n\t\t\t\t\t<div class=\"elementor-column elementor-col-33 elementor-top-column elementor-element elementor-element-f7548a3\" data-id=\"f7548a3\" data-element_type=\"column\">\n\t\t\t<div class=\"elementor-widget-wrap\">\n\t\t\t\t\t\t\t\t\t<\/div>\n\t\t<\/div>\n\t\t\t\t<div class=\"elementor-column elementor-col-66 elementor-top-column elementor-element elementor-element-d77385d\" data-id=\"d77385d\" data-element_type=\"column\">\n\t\t\t<div class=\"elementor-widget-wrap elementor-element-populated\">\n\t\t\t\t\t\t\t\t<div class=\"elementor-element elementor-element-a24ba50 elementor-widget elementor-widget-text-editor\" data-id=\"a24ba50\" data-element_type=\"widget\" data-widget_type=\"text-editor.default\">\n\t\t\t\t<div class=\"elementor-widget-container\">\n\t\t\t\t\t\t\t\t<div class=\"elementor-widget-container\"><div class=\"heading icon-left\"><h3 class=\"content-box-heading\" data-inline-fontsize=\"true\" data-inline-lineheight=\"true\" data-fontsize=\"18\" data-lineheight=\"23\">Academic &amp; Professional Experience<\/h3><\/div><h4 class=\"fusion-clearfix\"><strong>Research Grants<br \/><\/strong><\/h4><h5>European Commission Erasmus+ (Team Member\/Junior Expert) HKD98,491 (2022-2026) <em><span style=\"font-family: 'Arial',sans-serif;\">Jean Monnet Centre of Excellence<\/span><\/em>\u00a0<i>&#8211; Improving Institutional Trust in Times of Pandemics (IITTP)\u00a0<\/i>(Project ID 101085026)<\/h5><h5>Hong Kong University Grants Committee General Research Fund\u00a0(Principal Investigator until Dec 2022, Co-Investigator in 2023-2025)\u00a0HKD762,687\u00a0(2022 -2025)\u00a0<em>How China Speaks To The World In The Covid-19 Era: China's Political Communication and Mobilisation in Europe<\/em><\/h5><h5>Hong Kong Research Grants Council Research Matching Grant Scheme\u00a0(Principal Investigator)\u00a0HKD22,500\u00a0(2021-2023)\u00a0<em>The Climate Collage and Hong Kong's Contribution to Mitigate Climate Change<\/em><\/h5><h5>PROCORE \u2013 France\/Hong Kong Joint Research Scheme\u00a0(Principal Investigator)\u00a0HKD125,963\u00a0(2021-2022)\u00a0<em>Transnational and Transdisciplinary Lessons from the COVID-19 Pandemic<\/em><\/h5><h5>Aarhus University Research Foundation \u2013 AUFF NOVA\u00a0(Co-Investigator)\u00a0DKK570,500\u00a0(2021-2022)\u00a0<em>China's Twitter Diplomacy: Content and Impact\u201d<\/em><\/h5><h5>Hong Kong Baptist University Faculty Niche Research Areas\u00a0(Co-Investigator)\u00a0HKD933,792\u00a0(2020-2022)\u00a0<em>Trust and the Smart City<\/em><\/h5><h5>Aarhus University, Denmark\u00a0(Co-Investigator)\u00a0EUR1,500\u00a0(2020)\u00a0<em>Chinese Twitter<\/em><\/h5><h5>Hong Kong Baptist University Faculty of Social Sciences Research Grant\u00a0(Principal Investigator)\u00a0HKD50,000.00\u00a0(2018)<em>\u00a0The Overseas Chinese in France and Hungary \u2014 What Role Do They Play in Expanding China's Political Influence in Europe?<\/em><\/h5><h5>Macau Foundation\u00a0(Principal Investigator)\u00a0MOP403,300\u00a0(2014-2015)\u00a0<em>Impact Assessment of the Macao Forum's Seminars on the Economy and Public Policy-Making in Portuguese Speaking Countries \u2014 An Illustration of South-South Cooperation<\/em><\/h5><h5>Macau Foundation\u00a0(Co- Principal Investigator)\u00a0MOP340,000\u00a0<em>Survey on public environmental consciousness in Macao, a Pearl River Comparison<\/em><\/h5><h4 class=\"style9_content\"><strong>Academic &amp; Teaching Experience<\/strong><\/h4><h5>2016-2023 Director of Transdisciplinary Undergraduate Programmes, Division of Transdisciplinary Undergraduate Programmes (2022-2023).\u00a0Assistant Professor Coordinator European Studies | French Stream\u00a0(2016-2022). Director of\u00a0BSocSc (Hons) in European Studies,\u00a0 Department of Government &amp; International Studies (2021-2022) |\u00a0Hong Kong Baptist University<\/h5><h5>2008-2016\u00a0Associate Professor, Head of Department of Public Administration and International Relations,\u00a0Dean of\u00a0Faculty Administration and LeadershipUniversity of Saint Joseph, Macao<\/h5><h5>\u200b2004-2007\u00a0Part-time Lecturer, the Faculty of Social Sciences, University of Macau<\/h5><h5>\u200b2000-2005\u00a0Research Fellow, the French Centre for Research on Contemporary China\u00a0(Centre d'\u00c9tudes Fran\u00e7ais sur la Chine contemporaine, CEFC), Hong Kong<\/h5><h4 class=\"fusion-clearfix\"><strong>\u00a0<\/strong><\/h4><\/div>\t\t\t\t\t\t<\/div>\n\t\t\t\t<\/div>\n\t\t\t\t\t<\/div>\n\t\t<\/div>\n\t\t\t\t\t\t\t<\/div>\n\t\t<\/section>\n\t\t\t\t<section class=\"wavo-column-gap-default elementor-section elementor-top-section elementor-element elementor-element-1fb520d elementor-section-boxed elementor-section-height-default elementor-section-height-default\" data-id=\"1fb520d\" data-element_type=\"section\">\n\t\t\t\t\t\t<div class=\"elementor-container elementor-column-gap-default\">\n\t\t\t\t\t<div class=\"elementor-column elementor-col-33 elementor-top-column elementor-element elementor-element-fcc8ffa\" data-id=\"fcc8ffa\" data-element_type=\"column\">\n\t\t\t<div class=\"elementor-widget-wrap\">\n\t\t\t\t\t\t\t\t\t<\/div>\n\t\t<\/div>\n\t\t\t\t<div class=\"elementor-column elementor-col-66 elementor-top-column elementor-element elementor-element-87c4a09\" data-id=\"87c4a09\" data-element_type=\"column\">\n\t\t\t<div class=\"elementor-widget-wrap elementor-element-populated\">\n\t\t\t\t\t\t\t\t<div class=\"elementor-element elementor-element-3b33228 elementor-widget elementor-widget-text-editor\" data-id=\"3b33228\" data-element_type=\"widget\" data-widget_type=\"text-editor.default\">\n\t\t\t\t<div class=\"elementor-widget-container\">\n\t\t\t\t\t\t\t\t<div class=\"elementor-widget-container\">\n\t\t\t\t\t\t\t\t<div class=\"heading icon-left\"><h3 class=\"content-box-heading\" data-inline-fontsize=\"true\" data-inline-lineheight=\"true\" data-fontsize=\"18\" data-lineheight=\"23\">Selected Publication<\/h3><\/div><div class=\"content-container\"><h4><strong>Books<\/strong><\/h4><h5>Baker, J. S. (Ed.), Gao, Y. (Ed.), Cole, A., Tran, \u00c9. (Ed.), &amp; Yue, X-G. (2022). Transnational and Transdisciplinary Lessons of COVID 19 From the Perspective of Risk and Management. MDPI AG. https:\/\/doi.org\/10.3390\/books978-3-0365-5703-8<\/h5><h4><strong>Book Chapters<\/strong><\/h4><h5>Tran E. &amp; Sautede, E. (forthcoming). The Role of Catholic Organizations and Catholic Figures in the Rise of Civil Society in Macao. J. Derrick Lemons and S.-h. Chan (eds.) Rapid Religious Cultural Change. Amsterdam University Press.<\/h5><h5>Tran, E. &amp; Yahia H. Zoubir (February 2023). China's Health Diplomacy: A Cold-War-Style Battle of Narratives. In K. P. Tan (Ed.) Asia in the Old and New Cold Wars: Ideologies, Narratives, and Lived Experiences. Palgrave Macmillan.<\/h5><h5>Zoubir, Y. &amp; Tran, E. (February 2023). China's 'Health Silk Road' Diplomacy in the MENA. In Y. H. Zoubir (Ed.). Routledge Companion to China and the Middle East and North Africa. Routledge.<\/h5><h5>Zoubir, Y. &amp; Tran, E. (2022 in press). The Maghrib and Outside Powers. In G. Joffe (Ed.). Routledge Handbook on The Modern Magrib. Routledge.<\/h5><h5>Cole, A., Lai Ming Tsun, C., Stivas, D., &amp; Tran, E. (2022). Chapter 7: The 'Smart City' between urban narrative and empty signifier: the case of Hong Kong. In Constructing Narratives for City Governance. Cheltenham, UK: Edward Elgar Publishing. https:\/\/doi.org\/10.4337\/9781800374454.00013<\/h5><h5>Tran, E\u0301. (2021). The Yellow Vest Movement: Causes, Consequences and Significance. In Helen Drake, Alistair Cole, Sophie Meunier, Vincent Tiberj (Eds.). Developments in French Politics 6 (6th edition). London: Macmillan.<\/h5><h5>Tran. E. (2016). \u201cLusofonia and Francophonie: The Challenges of Diversity in the Era of Cultural and Economic Globalization\u201d, in Vera Borges (ed), Between Demystification and Utopia: An Inquiry into Lusofony, University of Saint Joseph Press, 2016, pp. 141-152.<\/h5><h5>Tran. E. (2016). \u201cEchoing Alternative Voices: The East Timorese in Macao\u201d, in Sarah Smith, Antero B. da Silva, Nuno Canas Mendes, Alarico da Costa Ximenes, and Clinton Fernandes (eds.), Timor Leste 2015, Hawthorn, Swinburne Press, 2016, Vol. I, Chp 37, pp. 230-237.<\/h5><h5>Quadros, T. S., and Tran, E. \u201cSocial Transformation in the Eyes of Contemporary Chinese Cinema and Dogme 95.\u201d Edited by Susana Gon\u00e7alves and Suzanne Majhanovich. Comparative and International Education Art and Intercultural Dialogue, 2016, 113-27.<\/h5><h5>Tran. E. (2015). \u201cIn The Red 2.0: Online Reactivation of Maoist Mobilisation Methods and Propaganda\u201d, in Joseph Cheng (ed.), The Use of Mao and the Chongqing Model, Hong Kong, Hong Kong City University Press.<\/h5><h4><strong>Journal Articles<\/strong><\/h4><h5>Cole, A. &amp; Tran, E. (2022). Trust and Smart City. China Perspectives 2022\/3. https:\/\/doi.org\/10.4000\/chinaperspectives.14024<\/h5><h5>Cole, A. &amp; Tran, E. (2022). Trust and the Smart City: The Hong Kong Paradox. China Perspectives, 2022\/3. https:\/\/doi.org\/10.4000\/chinaperspectives.14039<\/h5><h5>Cole, A.; Baker, J.S.; Tran, E.; Gao, Y. Introduction to the Special Issue 'Transnational and Transdisciplinary Lessons of COVID-19 from the Perspective of Risk and Management'. J. Risk Financial Manag. 2022, 15, 210. https:\/\/doi.org\/10.3390\/jrfm15050210<\/h5><h5>Tran, E.; Tseng, Y.-c. To Trust or Not to Trust? COVID-19 Facemasks in China\u2013Europe Relations: Lessons from France and the United Kingdom. J. Risk Financial Manag. 2022, 15, 187. https:\/\/doi.org\/10.3390\/jrfm15040187<\/h5><h5>Tran, E. (2022). Role Dynamics and Trust in France China Coopetition. Mediterranean Politics. https:\/\/doi.org\/10.1080\/13629395.2022.2035138<\/h5><h5>Tran, E &amp; Zoubir, Y. H. (2022) INTRODUCTION TO THE SPECIAL ISSUE China in the Mediterranean: An Arena of Strategic Competition?, Mediterranean Politics. https:\/\/doi.org\/10.1080\/13629395.2022.2035138<\/h5><h5>Yahia H. Zoubir &amp; Emilie Tran (2022) China's Health Silk Road in the Middle East and North Africa amidst COVID-19 and a Contested World Order, Journal of Contemporary China. https:\/\/doi.org\/10.1080\/10670564.2021.1966894<\/h5><h5>Tran, E\u0301. and Chuang, Y. H. (2020). \u201cSocial Relays of China's Power Projection? Overseas Chinese Collective Actions for Security in France\u201d. International Migration, 58(3): 101-117. https:\/\/doi.org\/10.1111\/imig.12627<\/h5><h5>Tran, E\u0301. (2019). \u201cMarseille: biento\u0302t un comptoir chinois?\u201d. Confluences Me\u0301diterrane\u0301e, 109(2): 33-46. https:\/\/doi.org\/10.3917\/come.109.0033<\/h5><h5>Ho, W.-C., &amp; Tran. E. (2019). \u201cHong Kong\u2013China Relations over Three Decades of Change: From Apprehension to Integration to Clashes\u201d. China: An International Journal, 17(1): 173-193. http:\/\/doi.org\/10.1353\/chn.2019.0009<\/h5><h5>Tran, \u00c9. &amp; Matias Dos Santos, J.C. (2015). The Seminars of the Macao Forum: An Illustration of China's Soft-Power Diplomacy towards the Portuguese-Speaking Countries. China: An International Journal 13(1), 93-112. http:\/\/doi:10.1353\/chn.2015.0006.<\/h5><h5>Tran. E. (2009). Entry on \u201cElite Groups\u201d in Pong David (ed.), The Encyclopedia of Modern China, 4 vols., Charles Scribner's Sons, an imprint of Gale \/ Cengage Learning, Detroit, MI., 2009. The Encyclopedia of Modern China received three awards: 2010 Dartmouth Medal Honorable Mention; Library Journal's Best Reference Sources of 2009; Outstanding Reference Sources for 2010 by the American Library Association's Reference and User Services Association (RUSA).<\/h5><h5>Chang, K., Van Schalkwyk, G., &amp; Tran, E. (2006). The Impact of Macao's Gaming Industry on Family Life. China Perspectives 64 March \u2013 April 2006. https:\/\/doi.org\/10.4000\/chinaperspectives.603<\/h5><h5>Tran. E. (2003). From Senior Official to Top Civil Servant. China Perspectives [Online], 46 | march-april 2003, Online since 09 August 2012, connection on 19 January 2023. https:\/\/doi.org\/10.4000\/chinaperspectives.257<\/h5><\/div>\t\t\t\t\t\t<\/div>\t\t\t\t\t\t<\/div>\n\t\t\t\t<\/div>\n\t\t\t\t\t<\/div>\n\t\t<\/div>\n\t\t\t\t\t\t\t<\/div>\n\t\t<\/section>\n\t\t\t\t\t\t<\/div>\n\t\t\t\t\t<\/div>\n\t\t","protected":false},"excerpt":{"rendered":"<p>Dr Emilie Tran BA\u00a0ICP, MA\u00a0ICP, PhD\u00a0EHESS Assistant Professor Politics and Public Administration etran@hkmu.edu.hk 2768 5759 BiographyDr Emilie Tran joined the School of Arts and Social Sciences, HKMU, in January 2023.ResearchDriven by international and multidisciplinary collaborations, Dr Tran's research investigates global China: China's engagement in global public health; health diplomacy; digital diplomacy; the external relations of...<\/p>\n","protected":false},"author":412,"featured_media":0,"parent":36048,"menu_order":0,"comment_status":"closed","ping_status":"closed","template":"","meta":{"_expiration-date-status":"","_expiration-date":0,"_expiration-date-type":"","_expiration-date-categories":[],"_expiration-date-options":[]},"categories":[],"tags":[],"_links":{"self":[{"href":"https:\/\/www-uat.hkmu.edu.hk\/ss\/tc\/wp-json\/wp\/v2\/pages\/36078"}],"collection":[{"href":"https:\/\/www-uat.hkmu.edu.hk\/ss\/tc\/wp-json\/wp\/v2\/pages"}],"about":[{"href":"https:\/\/www-uat.hkmu.edu.hk\/ss\/tc\/wp-json\/wp\/v2\/types\/page"}],"author":[{"embeddable":true,"href":"https:\/\/www-uat.hkmu.edu.hk\/ss\/tc\/wp-json\/wp\/v2\/users\/412"}],"replies":[{"embeddable":true,"href":"https:\/\/www-uat.hkmu.edu.hk\/ss\/tc\/wp-json\/wp\/v2\/comments?post=36078"}],"version-history":[{"count":0,"href":"https:\/\/www-uat.hkmu.edu.hk\/ss\/tc\/wp-json\/wp\/v2\/pages\/36078\/revisions"}],"up":[{"embeddable":true,"href":"https:\/\/www-uat.hkmu.edu.hk\/ss\/tc\/wp-json\/wp\/v2\/pages\/36048"}],"wp:attachment":[{"href":"https:\/\/www-uat.hkmu.edu.hk\/ss\/tc\/wp-json\/wp\/v2\/media?parent=36078"}],"wp:term":[{"taxonomy":"category","embeddable":true,"href":"https:\/\/www-uat.hkmu.edu.hk\/ss\/tc\/wp-json\/wp\/v2\/categories?post=36078"},{"taxonomy":"post_tag","embeddable":true,"href":"https:\/\/www-uat.hkmu.edu.hk\/ss\/tc\/wp-json\/wp\/v2\/tags?post=36078"}],"curies":[{"name":"wp","href":"https:\/\/api.w.org\/{rel}","templated":true}]}}